{"id":525,"date":"2017-03-20T13:21:24","date_gmt":"2017-03-20T13:21:24","guid":{"rendered":"https:\/\/maximizeurwealth.com\/?page_id=525\/"},"modified":"2019-08-12T13:56:22","modified_gmt":"2019-08-12T18:56:22","slug":"a-propos","status":"publish","type":"page","link":"https:\/\/maximizeurwealth.com\/fr\/a-propos\/","title":{"rendered":"\u00c0 Propos de Nous"},"content":{"rendered":"","protected":false},"excerpt":{"rendered":"","protected":false},"author":2,"featured_media":667,"parent":0,"menu_order":0,"comment_status":"closed","ping_status":"closed","template":"template-about.php","meta":[],"acf":[],"yoast_head":"<!-- This site is optimized with the Yoast SEO plugin v20.7 - https:\/\/yoast.com\/wordpress\/plugins\/seo\/ -->\n<title>Notre histoire et notre mission | Pension Planning Centre<\/title>\n<meta name=\"description\" content=\"Nous sommes un cabinet de services financiers sp\u00e9cialis\u00e9 dans la gestion strat\u00e9gique du patrimoine. Nous fournissons \u00e0 nos clients un projet de vie coh\u00e9rent en utilisant une m\u00e9thode globale.\" \/>\n<meta name=\"robots\" content=\"index, follow, max-snippet:-1, max-image-preview:large, max-video-preview:-1\" \/>\n<link rel=\"canonical\" href=\"https:\/\/maximizeurwealth.com\/fr\/a-propos\/\" \/>\n<meta property=\"og:locale\" content=\"fr_FR\" \/>\n<meta property=\"og:type\" content=\"article\" \/>\n<meta property=\"og:title\" content=\"Notre histoire et notre mission | Pension Planning Centre\" \/>\n<meta property=\"og:description\" content=\"Nous sommes un cabinet de services financiers sp\u00e9cialis\u00e9 dans la gestion strat\u00e9gique du patrimoine. Nous fournissons \u00e0 nos clients un projet de vie coh\u00e9rent en utilisant une m\u00e9thode globale.\" \/>\n<meta property=\"og:url\" content=\"https:\/\/maximizeurwealth.com\/fr\/a-propos\/\" \/>\n<meta property=\"og:site_name\" content=\"Pension Planning Centre\" \/>\n<meta property=\"article:modified_time\" content=\"2019-08-12T18:56:22+00:00\" \/>\n<meta property=\"og:image\" content=\"https:\/\/maximizeurwealth.com\/wp-content\/uploads\/2017\/03\/hero-banner-about.jpg\" \/>\n\t<meta property=\"og:image:width\" content=\"1600\" \/>\n\t<meta property=\"og:image:height\" content=\"546\" \/>\n\t<meta property=\"og:image:type\" content=\"image\/jpeg\" \/>\n<meta name=\"twitter:card\" content=\"summary_large_image\" \/>\n<script type=\"application\/ld+json\" class=\"yoast-schema-graph\">{\"@context\":\"https:\/\/schema.org\",\"@graph\":[{\"@type\":\"WebPage\",\"@id\":\"https:\/\/maximizeurwealth.com\/fr\/a-propos\/\",\"url\":\"https:\/\/maximizeurwealth.com\/fr\/a-propos\/\",\"name\":\"Notre histoire et notre mission | Pension Planning Centre\",\"isPartOf\":{\"@id\":\"https:\/\/maximizeurwealth.com\/#website\"},\"datePublished\":\"2017-03-20T13:21:24+00:00\",\"dateModified\":\"2019-08-12T18:56:22+00:00\",\"description\":\"Nous sommes un cabinet de services financiers sp\u00e9cialis\u00e9 dans la gestion strat\u00e9gique du patrimoine. Nous fournissons \u00e0 nos clients un projet de vie coh\u00e9rent en utilisant une m\u00e9thode globale.\",\"breadcrumb\":{\"@id\":\"https:\/\/maximizeurwealth.com\/fr\/a-propos\/#breadcrumb\"},\"inLanguage\":\"fr-FR\",\"potentialAction\":[{\"@type\":\"ReadAction\",\"target\":[\"https:\/\/maximizeurwealth.com\/fr\/a-propos\/\"]}]},{\"@type\":\"BreadcrumbList\",\"@id\":\"https:\/\/maximizeurwealth.com\/fr\/a-propos\/#breadcrumb\",\"itemListElement\":[{\"@type\":\"ListItem\",\"position\":1,\"name\":\"Home\",\"item\":\"https:\/\/maximizeurwealth.com\/fr\/\"},{\"@type\":\"ListItem\",\"position\":2,\"name\":\"\u00c0 Propos de Nous\"}]},{\"@type\":\"WebSite\",\"@id\":\"https:\/\/maximizeurwealth.com\/#website\",\"url\":\"https:\/\/maximizeurwealth.com\/\",\"name\":\"Pension Planning Centre\",\"description\":\"\",\"potentialAction\":[{\"@type\":\"SearchAction\",\"target\":{\"@type\":\"EntryPoint\",\"urlTemplate\":\"https:\/\/maximizeurwealth.com\/?s={search_term_string}\"},\"query-input\":\"required name=search_term_string\"}],\"inLanguage\":\"fr-FR\"}]}<\/script>\n<!-- \/ Yoast SEO plugin. -->","yoast_head_json":{"title":"Notre histoire et notre mission | Pension Planning Centre","description":"Nous sommes un cabinet de services financiers sp\u00e9cialis\u00e9 dans la gestion strat\u00e9gique du patrimoine. Nous fournissons \u00e0 nos clients un projet de vie coh\u00e9rent en utilisant une m\u00e9thode globale.","robots":{"index":"index","follow":"follow","max-snippet":"max-snippet:-1","max-image-preview":"max-image-preview:large","max-video-preview":"max-video-preview:-1"},"canonical":"https:\/\/maximizeurwealth.com\/fr\/a-propos\/","og_locale":"fr_FR","og_type":"article","og_title":"Notre histoire et notre mission | Pension Planning Centre","og_description":"Nous sommes un cabinet de services financiers sp\u00e9cialis\u00e9 dans la gestion strat\u00e9gique du patrimoine. Nous fournissons \u00e0 nos clients un projet de vie coh\u00e9rent en utilisant une m\u00e9thode globale.","og_url":"https:\/\/maximizeurwealth.com\/fr\/a-propos\/","og_site_name":"Pension Planning Centre","article_modified_time":"2019-08-12T18:56:22+00:00","og_image":[{"width":1600,"height":546,"url":"https:\/\/maximizeurwealth.com\/wp-content\/uploads\/2017\/03\/hero-banner-about.jpg","type":"image\/jpeg"}],"twitter_card":"summary_large_image","schema":{"@context":"https:\/\/schema.org","@graph":[{"@type":"WebPage","@id":"https:\/\/maximizeurwealth.com\/fr\/a-propos\/","url":"https:\/\/maximizeurwealth.com\/fr\/a-propos\/","name":"Notre histoire et notre mission | Pension Planning Centre","isPartOf":{"@id":"https:\/\/maximizeurwealth.com\/#website"},"datePublished":"2017-03-20T13:21:24+00:00","dateModified":"2019-08-12T18:56:22+00:00","description":"Nous sommes un cabinet de services financiers sp\u00e9cialis\u00e9 dans la gestion strat\u00e9gique du patrimoine. Nous fournissons \u00e0 nos clients un projet de vie coh\u00e9rent en utilisant une m\u00e9thode globale.","breadcrumb":{"@id":"https:\/\/maximizeurwealth.com\/fr\/a-propos\/#breadcrumb"},"inLanguage":"fr-FR","potentialAction":[{"@type":"ReadAction","target":["https:\/\/maximizeurwealth.com\/fr\/a-propos\/"]}]},{"@type":"BreadcrumbList","@id":"https:\/\/maximizeurwealth.com\/fr\/a-propos\/#breadcrumb","itemListElement":[{"@type":"ListItem","position":1,"name":"Home","item":"https:\/\/maximizeurwealth.com\/fr\/"},{"@type":"ListItem","position":2,"name":"\u00c0 Propos de Nous"}]},{"@type":"WebSite","@id":"https:\/\/maximizeurwealth.com\/#website","url":"https:\/\/maximizeurwealth.com\/","name":"Pension Planning Centre","description":"","potentialAction":[{"@type":"SearchAction","target":{"@type":"EntryPoint","urlTemplate":"https:\/\/maximizeurwealth.com\/?s={search_term_string}"},"query-input":"required name=search_term_string"}],"inLanguage":"fr-FR"}]}},"_links":{"self":[{"href":"https:\/\/maximizeurwealth.com\/fr\/wp-json\/wp\/v2\/pages\/525"}],"collection":[{"href":"https:\/\/maximizeurwealth.com\/fr\/wp-json\/wp\/v2\/pages"}],"about":[{"href":"https:\/\/maximizeurwealth.com\/fr\/wp-json\/wp\/v2\/types\/page"}],"author":[{"embeddable":true,"href":"https:\/\/maximizeurwealth.com\/fr\/wp-json\/wp\/v2\/users\/2"}],"replies":[{"embeddable":true,"href":"https:\/\/maximizeurwealth.com\/fr\/wp-json\/wp\/v2\/comments?post=525"}],"version-history":[{"count":8,"href":"https:\/\/maximizeurwealth.com\/fr\/wp-json\/wp\/v2\/pages\/525\/revisions"}],"predecessor-version":[{"id":906,"href":"https:\/\/maximizeurwealth.com\/fr\/wp-json\/wp\/v2\/pages\/525\/revisions\/906"}],"wp:featuredmedia":[{"embeddable":true,"href":"https:\/\/maximizeurwealth.com\/fr\/wp-json\/wp\/v2\/media\/667"}],"wp:attachment":[{"href":"https:\/\/maximizeurwealth.com\/fr\/wp-json\/wp\/v2\/media?parent=525"}],"curies":[{"name":"wp","href":"https:\/\/api.w.org\/{rel}","templated":true}]}}